{"id":580,"date":"2021-12-14T17:39:29","date_gmt":"2021-12-14T17:39:29","guid":{"rendered":"https:\/\/www.clasedeexcel.com\/blog\/?page_id=580"},"modified":"2021-12-14T21:06:15","modified_gmt":"2021-12-14T21:06:15","slug":"torneo-de-excel-para-aficionados-de-las-hojas-de-calculo","status":"publish","type":"page","link":"https:\/\/www.clasedeexcel.com\/blog\/torneo-de-excel-para-aficionados-de-las-hojas-de-calculo\/","title":{"rendered":"VIDEO JUEGOS Y TORNEOS DE EXCEL SE VUELVEN VIRALES"},"content":{"rendered":"\n<p>Los torneos de Excel realizados por eSports se han vuelto virales en todo el mundo. Muchas personas apasionadas por las hojas de c\u00e1lculo alrededor del mundo se han vuelto interesadas en participar en estas actividades.<\/p>\n\n\n\n<p>Adem\u00e1s, que los premios que tiene eSports ameritan estudiar y prepararse para ganar el Finalcual Modeling World Cup Open.<\/p>\n\n\n\n<p>En esta oportunidad el australiano Andrew Ngai se llev\u00f3 el t\u00edtulo de \u201cMaestro de Excel\u201d, con un premio de 3 mil dolares, ya que 10 d\u00f3lares que regal\u00f3 la empresa Redmond fueron repartidos entre los mejores.<\/p>\n\n\n\n<p>Una gran motivaci\u00f3n para los que dicen que Excel es aburrido, pues aqu\u00ed te muestro una de las razones por la cual no lo es. As\u00ed que, si te apasiona este tema, te invito a revisar con detenimiento la noticia sobre este torneo.<\/p>\n\n\n\n<p class=\"has-text-align-center\">-Conoce m\u00e1s sobre el torneo aqu\u00ed: <a href=\"https:\/\/hipertextual.com\/2021\/12\/copa-del-mundo-excel-fmwc-open\">https:\/\/hipertextual.com\/2021\/12\/copa-del-mundo-excel-fmwc-open<\/a><\/p>\n\n\n\n<figure class=\"wp-block-embed is-type-wp-embed is-provider-hipertextual wp-block-embed-hipertextual\"><div class=\"wp-block-embed__wrapper\">\nhttps:\/\/hipertextual.com\/2021\/12\/copa-del-mundo-excel-fmwc-open\n<\/div><\/figure>\n\n\n\n<p>Y si quieres aprender a mejorar tus habilidades en Excel, te dejo esta oferta de cursos para que puedas mejorar tu conocimiento y nivel en esta herramienta.<\/p>\n\n\n\n<p class=\"has-text-align-center\">CURSOS DE EXCEL <a href=\"https:\/\/www.clasedeexcel.com\/portafolio\">https:\/\/www.clasedeexcel.com\/portafolio<\/a><\/p>\n\n\n\n<p class=\"has-text-align-center\">\u00bfTe gustar\u00eda participar en un torneo local? Leemos los comentarios para conocer sus opiniones.<\/p>\n","protected":false},"excerpt":{"rendered":"<p>Los torneos de Excel realizados por eSports se han vuelto virales en todo el mundo. Muchas personas apasionadas por las hojas de c\u00e1lculo alrededor del mundo se han vuelto interesadas en participar en estas actividades. Adem\u00e1s, que los premios que tiene eSports ameritan estudiar y prepararse para ganar el Finalcual Modeling World Cup Open. En [&hellip;]<\/p>\n","protected":false},"author":1,"featured_media":581,"parent":0,"menu_order":0,"comment_status":"closed","ping_status":"closed","template":"","meta":{"nf_dc_page":"","_monsterinsights_skip_tracking":false,"_monsterinsights_sitenote_active":false,"_monsterinsights_sitenote_note":"","_monsterinsights_sitenote_category":0,"footnotes":""},"class_list":["post-580","page","type-page","status-publish","has-post-thumbnail","hentry"],"yoast_head":"<!-- This site is optimized with the Yoast SEO plugin v27.4 - https:\/\/yoast.com\/product\/yoast-seo-wordpress\/ -->\n<title>VIDEO JUEGOS Y TORNEOS DE EXCEL SE VUELVEN VIRALES<\/title>\n<meta name=\"description\" content=\"VIDEO JUEGOS Y TORNEOS DE EXCEL SE VUELVEN VIRALES Conoce el torneo de Excel que dio $10 mil d\u00f3lares en premios.\" \/>\n<meta name=\"robots\" content=\"index, follow, max-snippet:-1, max-image-preview:large, max-video-preview:-1\" \/>\n<link rel=\"canonical\" href=\"https:\/\/www.clasedeexcel.com\/blog\/torneo-de-excel-para-aficionados-de-las-hojas-de-calculo\/\" \/>\n<meta property=\"og:locale\" content=\"es_ES\" \/>\n<meta property=\"og:type\" content=\"article\" \/>\n<meta property=\"og:title\" content=\"VIDEO JUEGOS Y TORNEOS DE EXCEL SE VUELVEN VIRALES\" \/>\n<meta property=\"og:description\" content=\"VIDEO JUEGOS Y TORNEOS DE EXCEL SE VUELVEN VIRALES Conoce el torneo de Excel que dio $10 mil d\u00f3lares en premios.\" \/>\n<meta property=\"og:url\" content=\"https:\/\/www.clasedeexcel.com\/blog\/torneo-de-excel-para-aficionados-de-las-hojas-de-calculo\/\" \/>\n<meta property=\"og:site_name\" content=\"Aprende m\u00e1s de Excel\" \/>\n<meta property=\"article:modified_time\" content=\"2021-12-14T21:06:15+00:00\" \/>\n<meta property=\"og:image\" content=\"https:\/\/i0.wp.com\/www.clasedeexcel.com\/blog\/wp-content\/uploads\/2021\/12\/APRENDER-SIN-LIMITES-18-1.jpg?fit=2400%2C1254&ssl=1\" \/>\n\t<meta property=\"og:image:width\" content=\"2400\" \/>\n\t<meta property=\"og:image:height\" content=\"1254\" \/>\n\t<meta property=\"og:image:type\" content=\"image\/jpeg\" \/>\n<meta name=\"twitter:card\" content=\"summary_large_image\" \/>\n<meta name=\"twitter:label1\" content=\"Tiempo de lectura\" \/>\n\t<meta name=\"twitter:data1\" content=\"1 minuto\" \/>\n<script type=\"application\/ld+json\" class=\"yoast-schema-graph\">{\"@context\":\"https:\\\/\\\/schema.org\",\"@graph\":[{\"@type\":\"WebPage\",\"@id\":\"https:\\\/\\\/www.clasedeexcel.com\\\/blog\\\/torneo-de-excel-para-aficionados-de-las-hojas-de-calculo\\\/\",\"url\":\"https:\\\/\\\/www.clasedeexcel.com\\\/blog\\\/torneo-de-excel-para-aficionados-de-las-hojas-de-calculo\\\/\",\"name\":\"VIDEO JUEGOS Y TORNEOS DE EXCEL SE VUELVEN VIRALES\",\"isPartOf\":{\"@id\":\"https:\\\/\\\/www.clasedeexcel.com\\\/blog\\\/#website\"},\"primaryImageOfPage\":{\"@id\":\"https:\\\/\\\/www.clasedeexcel.com\\\/blog\\\/torneo-de-excel-para-aficionados-de-las-hojas-de-calculo\\\/#primaryimage\"},\"image\":{\"@id\":\"https:\\\/\\\/www.clasedeexcel.com\\\/blog\\\/torneo-de-excel-para-aficionados-de-las-hojas-de-calculo\\\/#primaryimage\"},\"thumbnailUrl\":\"https:\\\/\\\/www.clasedeexcel.com\\\/blog\\\/wp-content\\\/uploads\\\/2021\\\/12\\\/APRENDER-SIN-LIMITES-18-1.jpg\",\"datePublished\":\"2021-12-14T17:39:29+00:00\",\"dateModified\":\"2021-12-14T21:06:15+00:00\",\"description\":\"VIDEO JUEGOS Y TORNEOS DE EXCEL SE VUELVEN VIRALES Conoce el torneo de Excel que dio $10 mil d\u00f3lares en premios.\",\"breadcrumb\":{\"@id\":\"https:\\\/\\\/www.clasedeexcel.com\\\/blog\\\/torneo-de-excel-para-aficionados-de-las-hojas-de-calculo\\\/#breadcrumb\"},\"inLanguage\":\"es\",\"potentialAction\":[{\"@type\":\"ReadAction\",\"target\":[\"https:\\\/\\\/www.clasedeexcel.com\\\/blog\\\/torneo-de-excel-para-aficionados-de-las-hojas-de-calculo\\\/\"]}]},{\"@type\":\"ImageObject\",\"inLanguage\":\"es\",\"@id\":\"https:\\\/\\\/www.clasedeexcel.com\\\/blog\\\/torneo-de-excel-para-aficionados-de-las-hojas-de-calculo\\\/#primaryimage\",\"url\":\"https:\\\/\\\/www.clasedeexcel.com\\\/blog\\\/wp-content\\\/uploads\\\/2021\\\/12\\\/APRENDER-SIN-LIMITES-18-1.jpg\",\"contentUrl\":\"https:\\\/\\\/www.clasedeexcel.com\\\/blog\\\/wp-content\\\/uploads\\\/2021\\\/12\\\/APRENDER-SIN-LIMITES-18-1.jpg\",\"width\":2400,\"height\":1254},{\"@type\":\"BreadcrumbList\",\"@id\":\"https:\\\/\\\/www.clasedeexcel.com\\\/blog\\\/torneo-de-excel-para-aficionados-de-las-hojas-de-calculo\\\/#breadcrumb\",\"itemListElement\":[{\"@type\":\"ListItem\",\"position\":1,\"name\":\"Home\",\"item\":\"https:\\\/\\\/www.clasedeexcel.com\\\/blog\\\/\"},{\"@type\":\"ListItem\",\"position\":2,\"name\":\"VIDEO JUEGOS Y TORNEOS DE EXCEL SE VUELVEN VIRALES\"}]},{\"@type\":\"WebSite\",\"@id\":\"https:\\\/\\\/www.clasedeexcel.com\\\/blog\\\/#website\",\"url\":\"https:\\\/\\\/www.clasedeexcel.com\\\/blog\\\/\",\"name\":\"Aprende m\u00e1s de Excel\",\"description\":\"Blog - Clase de Excel\",\"publisher\":{\"@id\":\"https:\\\/\\\/www.clasedeexcel.com\\\/blog\\\/#organization\"},\"potentialAction\":[{\"@type\":\"SearchAction\",\"target\":{\"@type\":\"EntryPoint\",\"urlTemplate\":\"https:\\\/\\\/www.clasedeexcel.com\\\/blog\\\/?s={search_term_string}\"},\"query-input\":{\"@type\":\"PropertyValueSpecification\",\"valueRequired\":true,\"valueName\":\"search_term_string\"}}],\"inLanguage\":\"es\"},{\"@type\":\"Organization\",\"@id\":\"https:\\\/\\\/www.clasedeexcel.com\\\/blog\\\/#organization\",\"name\":\"Clase de excel\",\"url\":\"https:\\\/\\\/www.clasedeexcel.com\\\/blog\\\/\",\"logo\":{\"@type\":\"ImageObject\",\"inLanguage\":\"es\",\"@id\":\"https:\\\/\\\/www.clasedeexcel.com\\\/blog\\\/#\\\/schema\\\/logo\\\/image\\\/\",\"url\":\"https:\\\/\\\/i1.wp.com\\\/www.clasedeexcel.com\\\/blog\\\/wp-content\\\/uploads\\\/2020\\\/09\\\/logotrans.png?fit=677%2C220&ssl=1\",\"contentUrl\":\"https:\\\/\\\/i1.wp.com\\\/www.clasedeexcel.com\\\/blog\\\/wp-content\\\/uploads\\\/2020\\\/09\\\/logotrans.png?fit=677%2C220&ssl=1\",\"width\":677,\"height\":220,\"caption\":\"Clase de excel\"},\"image\":{\"@id\":\"https:\\\/\\\/www.clasedeexcel.com\\\/blog\\\/#\\\/schema\\\/logo\\\/image\\\/\"}}]}<\/script>\n<!-- \/ Yoast SEO plugin. -->","yoast_head_json":{"title":"VIDEO JUEGOS Y TORNEOS DE EXCEL SE VUELVEN VIRALES","description":"VIDEO JUEGOS Y TORNEOS DE EXCEL SE VUELVEN VIRALES Conoce el torneo de Excel que dio $10 mil d\u00f3lares en premios.","robots":{"index":"index","follow":"follow","max-snippet":"max-snippet:-1","max-image-preview":"max-image-preview:large","max-video-preview":"max-video-preview:-1"},"canonical":"https:\/\/www.clasedeexcel.com\/blog\/torneo-de-excel-para-aficionados-de-las-hojas-de-calculo\/","og_locale":"es_ES","og_type":"article","og_title":"VIDEO JUEGOS Y TORNEOS DE EXCEL SE VUELVEN VIRALES","og_description":"VIDEO JUEGOS Y TORNEOS DE EXCEL SE VUELVEN VIRALES Conoce el torneo de Excel que dio $10 mil d\u00f3lares en premios.","og_url":"https:\/\/www.clasedeexcel.com\/blog\/torneo-de-excel-para-aficionados-de-las-hojas-de-calculo\/","og_site_name":"Aprende m\u00e1s de Excel","article_modified_time":"2021-12-14T21:06:15+00:00","og_image":[{"width":2400,"height":1254,"url":"https:\/\/i0.wp.com\/www.clasedeexcel.com\/blog\/wp-content\/uploads\/2021\/12\/APRENDER-SIN-LIMITES-18-1.jpg?fit=2400%2C1254&ssl=1","type":"image\/jpeg"}],"twitter_card":"summary_large_image","twitter_misc":{"Tiempo de lectura":"1 minuto"},"schema":{"@context":"https:\/\/schema.org","@graph":[{"@type":"WebPage","@id":"https:\/\/www.clasedeexcel.com\/blog\/torneo-de-excel-para-aficionados-de-las-hojas-de-calculo\/","url":"https:\/\/www.clasedeexcel.com\/blog\/torneo-de-excel-para-aficionados-de-las-hojas-de-calculo\/","name":"VIDEO JUEGOS Y TORNEOS DE EXCEL SE VUELVEN VIRALES","isPartOf":{"@id":"https:\/\/www.clasedeexcel.com\/blog\/#website"},"primaryImageOfPage":{"@id":"https:\/\/www.clasedeexcel.com\/blog\/torneo-de-excel-para-aficionados-de-las-hojas-de-calculo\/#primaryimage"},"image":{"@id":"https:\/\/www.clasedeexcel.com\/blog\/torneo-de-excel-para-aficionados-de-las-hojas-de-calculo\/#primaryimage"},"thumbnailUrl":"https:\/\/www.clasedeexcel.com\/blog\/wp-content\/uploads\/2021\/12\/APRENDER-SIN-LIMITES-18-1.jpg","datePublished":"2021-12-14T17:39:29+00:00","dateModified":"2021-12-14T21:06:15+00:00","description":"VIDEO JUEGOS Y TORNEOS DE EXCEL SE VUELVEN VIRALES Conoce el torneo de Excel que dio $10 mil d\u00f3lares en premios.","breadcrumb":{"@id":"https:\/\/www.clasedeexcel.com\/blog\/torneo-de-excel-para-aficionados-de-las-hojas-de-calculo\/#breadcrumb"},"inLanguage":"es","potentialAction":[{"@type":"ReadAction","target":["https:\/\/www.clasedeexcel.com\/blog\/torneo-de-excel-para-aficionados-de-las-hojas-de-calculo\/"]}]},{"@type":"ImageObject","inLanguage":"es","@id":"https:\/\/www.clasedeexcel.com\/blog\/torneo-de-excel-para-aficionados-de-las-hojas-de-calculo\/#primaryimage","url":"https:\/\/www.clasedeexcel.com\/blog\/wp-content\/uploads\/2021\/12\/APRENDER-SIN-LIMITES-18-1.jpg","contentUrl":"https:\/\/www.clasedeexcel.com\/blog\/wp-content\/uploads\/2021\/12\/APRENDER-SIN-LIMITES-18-1.jpg","width":2400,"height":1254},{"@type":"BreadcrumbList","@id":"https:\/\/www.clasedeexcel.com\/blog\/torneo-de-excel-para-aficionados-de-las-hojas-de-calculo\/#breadcrumb","itemListElement":[{"@type":"ListItem","position":1,"name":"Home","item":"https:\/\/www.clasedeexcel.com\/blog\/"},{"@type":"ListItem","position":2,"name":"VIDEO JUEGOS Y TORNEOS DE EXCEL SE VUELVEN VIRALES"}]},{"@type":"WebSite","@id":"https:\/\/www.clasedeexcel.com\/blog\/#website","url":"https:\/\/www.clasedeexcel.com\/blog\/","name":"Aprende m\u00e1s de Excel","description":"Blog - Clase de Excel","publisher":{"@id":"https:\/\/www.clasedeexcel.com\/blog\/#organization"},"potentialAction":[{"@type":"SearchAction","target":{"@type":"EntryPoint","urlTemplate":"https:\/\/www.clasedeexcel.com\/blog\/?s={search_term_string}"},"query-input":{"@type":"PropertyValueSpecification","valueRequired":true,"valueName":"search_term_string"}}],"inLanguage":"es"},{"@type":"Organization","@id":"https:\/\/www.clasedeexcel.com\/blog\/#organization","name":"Clase de excel","url":"https:\/\/www.clasedeexcel.com\/blog\/","logo":{"@type":"ImageObject","inLanguage":"es","@id":"https:\/\/www.clasedeexcel.com\/blog\/#\/schema\/logo\/image\/","url":"https:\/\/i1.wp.com\/www.clasedeexcel.com\/blog\/wp-content\/uploads\/2020\/09\/logotrans.png?fit=677%2C220&ssl=1","contentUrl":"https:\/\/i1.wp.com\/www.clasedeexcel.com\/blog\/wp-content\/uploads\/2020\/09\/logotrans.png?fit=677%2C220&ssl=1","width":677,"height":220,"caption":"Clase de excel"},"image":{"@id":"https:\/\/www.clasedeexcel.com\/blog\/#\/schema\/logo\/image\/"}}]}},"_links":{"self":[{"href":"https:\/\/www.clasedeexcel.com\/blog\/wp-json\/wp\/v2\/pages\/580","targetHints":{"allow":["GET"]}}],"collection":[{"href":"https:\/\/www.clasedeexcel.com\/blog\/wp-json\/wp\/v2\/pages"}],"about":[{"href":"https:\/\/www.clasedeexcel.com\/blog\/wp-json\/wp\/v2\/types\/page"}],"author":[{"embeddable":true,"href":"https:\/\/www.clasedeexcel.com\/blog\/wp-json\/wp\/v2\/users\/1"}],"replies":[{"embeddable":true,"href":"https:\/\/www.clasedeexcel.com\/blog\/wp-json\/wp\/v2\/comments?post=580"}],"version-history":[{"count":2,"href":"https:\/\/www.clasedeexcel.com\/blog\/wp-json\/wp\/v2\/pages\/580\/revisions"}],"predecessor-version":[{"id":583,"href":"https:\/\/www.clasedeexcel.com\/blog\/wp-json\/wp\/v2\/pages\/580\/revisions\/583"}],"wp:featuredmedia":[{"embeddable":true,"href":"https:\/\/www.clasedeexcel.com\/blog\/wp-json\/wp\/v2\/media\/581"}],"wp:attachment":[{"href":"https:\/\/www.clasedeexcel.com\/blog\/wp-json\/wp\/v2\/media?parent=580"}],"curies":[{"name":"wp","href":"https:\/\/api.w.org\/{rel}","templated":true}]}}