{"id":563,"date":"2021-11-29T15:15:26","date_gmt":"2021-11-29T15:15:26","guid":{"rendered":"https:\/\/www.clasedeexcel.com\/blog\/?page_id=563"},"modified":"2023-11-20T15:56:46","modified_gmt":"2023-11-20T20:56:46","slug":"consejos-para-llevar-contabilidad-en-excel","status":"publish","type":"page","link":"https:\/\/www.clasedeexcel.com\/blog\/consejos-para-llevar-contabilidad-en-excel\/","title":{"rendered":"Consejos para llevar contabilidad en Excel"},"content":{"rendered":"\n<p>Hoy en d\u00eda existen muchos software y plataformas que las empresas usan para llevar su contabilidad, pero Excel, es una de las herramientas fundamentales que no puede faltar en una compa\u00f1\u00eda.<\/p>\n\n\n\n<p class=\"has-text-align-center\">Conoce m\u00e1s art\u00edculos gratis sobre Excel. <a href=\"https:\/\/www.clasedeexcel.com\/blog\/\">https:\/\/www.clasedeexcel.com\/blog\/<\/a><\/p>\n\n\n\n<p>Despu\u00e9s de Black Friday, Cyber Monday y Black Weekend, muchas empresas tuvieron un auge en sus ventas, es por eso, que deben conocer los beneficios que tiene Excel para llevar las cuentas claras y no equivocarse con los n\u00fameros.<\/p>\n\n\n\n<p>Es importante tener en cuenta lleva una buena contabilidad cuando hay estas ofertas, muchas veces se puede pasar algo por alto y no es recomendable para la empresa; despu\u00e9s se va ver reflejado en los resultados o estrategias que se hagan.<\/p>\n\n\n\n<p>El flujo de pedidos es tan alto que deben tener primero una hoja de c\u00e1lculo con los pedidos y ventas con sus respectivos porcentajes de descuentos.<\/p>\n\n\n\n<p>A su vez, tener otra hoja de c\u00e1lculo para evidenciar los resultados que tuvieron estas promociones, si se obtuvo ganancias y para conocer la rentabilidad que dejo esta.<\/p>\n\n\n\n<p>As\u00ed podr\u00edan tomar acciones para conocer si se vendi\u00f3 lo que se tenia presupuestado para vender en esas ofertas, y as\u00ed, lanzar la nueva colecci\u00f3n de productos o servicios que se tengan en el calendario de cada compa\u00f1\u00eda.<\/p>\n\n\n\n<p>Es crucial llevar muy bien todo organizado, con el fin, de que luego no se pierda el horizonte de lo que se vendi\u00f3 o no se vendi\u00f3 en esas promociones tendencia a nivel mundial. En caso tal de que hayan quedado productos que no se vendieron, se debe organizar una campa\u00f1a para sacar esa producci\u00f3n vieja e iniciar con la nueva.<\/p>\n\n\n\n<p class=\"has-text-align-center\">Aprende a crear plantillas de Contabilidad en Excel con este curso. <a href=\"https:\/\/clasedeexcel.com\/portafolio\">https:\/\/www.clasedeexcel.com\/portafolio<\/a><\/p>\n\n\n\n<p class=\"has-text-align-center\"><strong>CURSO GRATIS DE EXCEL B\u00c1SICO<\/strong><\/p>\n\n\n\n<figure class=\"wp-block-embed aligncenter is-type-video is-provider-youtube wp-block-embed-youtube wp-embed-aspect-16-9 wp-has-aspect-ratio\"><div class=\"wp-block-embed__wrapper\">\n<iframe loading=\"lazy\" title=\"CURSO EXCEL B\u00c1SICO PARTE 2\" width=\"580\" height=\"326\" src=\"https:\/\/www.youtube.com\/embed\/hxAcIGfuD4I?start=304&#038;feature=oembed\" frameborder=\"0\" allow=\"accelerometer; autoplay; clipboard-write; encrypted-media; gyroscope; picture-in-picture; web-share\" referrerpolicy=\"strict-origin-when-cross-origin\" allowfullscreen><\/iframe>\n<\/div><\/figure>\n\n\n\n<figure class=\"wp-block-image size-large\"><img loading=\"lazy\" decoding=\"async\" width=\"1024\" height=\"535\" src=\"https:\/\/www.clasedeexcel.com\/blog\/wp-content\/uploads\/2023\/11\/Banner-blog-1024x535.png\" alt=\"contabilidad en excel\" class=\"wp-image-1436\" srcset=\"https:\/\/www.clasedeexcel.com\/blog\/wp-content\/uploads\/2023\/11\/Banner-blog-1024x535.png 1024w, https:\/\/www.clasedeexcel.com\/blog\/wp-content\/uploads\/2023\/11\/Banner-blog-300x157.png 300w, https:\/\/www.clasedeexcel.com\/blog\/wp-content\/uploads\/2023\/11\/Banner-blog-768x401.png 768w, https:\/\/www.clasedeexcel.com\/blog\/wp-content\/uploads\/2023\/11\/Banner-blog.png 1200w\" sizes=\"auto, (max-width: 1024px) 100vw, 1024px\" \/><\/figure>\n","protected":false},"excerpt":{"rendered":"<p>Hoy en d\u00eda existen muchos software y plataformas que las empresas usan para llevar su contabilidad, pero Excel, es una de las herramientas fundamentales que no puede faltar en una compa\u00f1\u00eda. Conoce m\u00e1s art\u00edculos gratis sobre Excel. https:\/\/www.clasedeexcel.com\/blog\/ Despu\u00e9s de Black Friday, Cyber Monday y Black Weekend, muchas empresas tuvieron un auge en sus ventas, [&hellip;]<\/p>\n","protected":false},"author":1,"featured_media":564,"parent":0,"menu_order":0,"comment_status":"closed","ping_status":"closed","template":"","meta":{"nf_dc_page":"","_monsterinsights_skip_tracking":false,"_monsterinsights_sitenote_active":false,"_monsterinsights_sitenote_note":"","_monsterinsights_sitenote_category":0,"footnotes":""},"class_list":["post-563","page","type-page","status-publish","has-post-thumbnail","hentry"],"yoast_head":"<!-- This site is optimized with the Yoast SEO plugin v27.4 - https:\/\/yoast.com\/product\/yoast-seo-wordpress\/ -->\n<title>Consejos para llevar contabilidad en Excel<\/title>\n<meta name=\"description\" content=\"Consejos para aprender a optimizar el tiempo con Excel. Usar esta herramienta para llevar una buena contabilidad en Excel en tu empresa.\" \/>\n<meta name=\"robots\" content=\"index, follow, max-snippet:-1, max-image-preview:large, max-video-preview:-1\" \/>\n<link rel=\"canonical\" href=\"https:\/\/www.clasedeexcel.com\/blog\/consejos-para-llevar-contabilidad-en-excel\/\" \/>\n<meta property=\"og:locale\" content=\"es_ES\" \/>\n<meta property=\"og:type\" content=\"article\" \/>\n<meta property=\"og:title\" content=\"Consejos para llevar contabilidad en Excel\" \/>\n<meta property=\"og:description\" content=\"Consejos para aprender a optimizar el tiempo con Excel. Usar esta herramienta para llevar una buena contabilidad en Excel en tu empresa.\" \/>\n<meta property=\"og:url\" content=\"https:\/\/www.clasedeexcel.com\/blog\/consejos-para-llevar-contabilidad-en-excel\/\" \/>\n<meta property=\"og:site_name\" content=\"Aprende m\u00e1s de Excel\" \/>\n<meta property=\"article:modified_time\" content=\"2023-11-20T20:56:46+00:00\" \/>\n<meta property=\"og:image\" content=\"https:\/\/www.clasedeexcel.com\/blog\/wp-content\/uploads\/2021\/11\/APRENDER-SIN-LIMITES-17.jpg\" \/>\n\t<meta property=\"og:image:width\" content=\"2400\" \/>\n\t<meta property=\"og:image:height\" content=\"1254\" \/>\n\t<meta property=\"og:image:type\" content=\"image\/jpeg\" \/>\n<meta name=\"twitter:card\" content=\"summary_large_image\" \/>\n<meta name=\"twitter:label1\" content=\"Tiempo de lectura\" \/>\n\t<meta name=\"twitter:data1\" content=\"2 minutos\" \/>\n<script type=\"application\/ld+json\" class=\"yoast-schema-graph\">{\"@context\":\"https:\\\/\\\/schema.org\",\"@graph\":[{\"@type\":\"WebPage\",\"@id\":\"https:\\\/\\\/www.clasedeexcel.com\\\/blog\\\/consejos-para-llevar-contabilidad-en-excel\\\/\",\"url\":\"https:\\\/\\\/www.clasedeexcel.com\\\/blog\\\/consejos-para-llevar-contabilidad-en-excel\\\/\",\"name\":\"Consejos para llevar contabilidad en Excel\",\"isPartOf\":{\"@id\":\"https:\\\/\\\/www.clasedeexcel.com\\\/blog\\\/#website\"},\"primaryImageOfPage\":{\"@id\":\"https:\\\/\\\/www.clasedeexcel.com\\\/blog\\\/consejos-para-llevar-contabilidad-en-excel\\\/#primaryimage\"},\"image\":{\"@id\":\"https:\\\/\\\/www.clasedeexcel.com\\\/blog\\\/consejos-para-llevar-contabilidad-en-excel\\\/#primaryimage\"},\"thumbnailUrl\":\"https:\\\/\\\/www.clasedeexcel.com\\\/blog\\\/wp-content\\\/uploads\\\/2021\\\/11\\\/APRENDER-SIN-LIMITES-17.jpg\",\"datePublished\":\"2021-11-29T15:15:26+00:00\",\"dateModified\":\"2023-11-20T20:56:46+00:00\",\"description\":\"Consejos para aprender a optimizar el tiempo con Excel. Usar esta herramienta para llevar una buena contabilidad en Excel en tu empresa.\",\"breadcrumb\":{\"@id\":\"https:\\\/\\\/www.clasedeexcel.com\\\/blog\\\/consejos-para-llevar-contabilidad-en-excel\\\/#breadcrumb\"},\"inLanguage\":\"es\",\"potentialAction\":[{\"@type\":\"ReadAction\",\"target\":[\"https:\\\/\\\/www.clasedeexcel.com\\\/blog\\\/consejos-para-llevar-contabilidad-en-excel\\\/\"]}]},{\"@type\":\"ImageObject\",\"inLanguage\":\"es\",\"@id\":\"https:\\\/\\\/www.clasedeexcel.com\\\/blog\\\/consejos-para-llevar-contabilidad-en-excel\\\/#primaryimage\",\"url\":\"https:\\\/\\\/www.clasedeexcel.com\\\/blog\\\/wp-content\\\/uploads\\\/2021\\\/11\\\/APRENDER-SIN-LIMITES-17.jpg\",\"contentUrl\":\"https:\\\/\\\/www.clasedeexcel.com\\\/blog\\\/wp-content\\\/uploads\\\/2021\\\/11\\\/APRENDER-SIN-LIMITES-17.jpg\",\"width\":2400,\"height\":1254,\"caption\":\"Consejos para llevar contabilidad en Excel\"},{\"@type\":\"BreadcrumbList\",\"@id\":\"https:\\\/\\\/www.clasedeexcel.com\\\/blog\\\/consejos-para-llevar-contabilidad-en-excel\\\/#breadcrumb\",\"itemListElement\":[{\"@type\":\"ListItem\",\"position\":1,\"name\":\"Home\",\"item\":\"https:\\\/\\\/www.clasedeexcel.com\\\/blog\\\/\"},{\"@type\":\"ListItem\",\"position\":2,\"name\":\"Consejos para llevar contabilidad en Excel\"}]},{\"@type\":\"WebSite\",\"@id\":\"https:\\\/\\\/www.clasedeexcel.com\\\/blog\\\/#website\",\"url\":\"https:\\\/\\\/www.clasedeexcel.com\\\/blog\\\/\",\"name\":\"Aprende m\u00e1s de Excel\",\"description\":\"Blog - Clase de Excel\",\"publisher\":{\"@id\":\"https:\\\/\\\/www.clasedeexcel.com\\\/blog\\\/#organization\"},\"potentialAction\":[{\"@type\":\"SearchAction\",\"target\":{\"@type\":\"EntryPoint\",\"urlTemplate\":\"https:\\\/\\\/www.clasedeexcel.com\\\/blog\\\/?s={search_term_string}\"},\"query-input\":{\"@type\":\"PropertyValueSpecification\",\"valueRequired\":true,\"valueName\":\"search_term_string\"}}],\"inLanguage\":\"es\"},{\"@type\":\"Organization\",\"@id\":\"https:\\\/\\\/www.clasedeexcel.com\\\/blog\\\/#organization\",\"name\":\"Clase de excel\",\"url\":\"https:\\\/\\\/www.clasedeexcel.com\\\/blog\\\/\",\"logo\":{\"@type\":\"ImageObject\",\"inLanguage\":\"es\",\"@id\":\"https:\\\/\\\/www.clasedeexcel.com\\\/blog\\\/#\\\/schema\\\/logo\\\/image\\\/\",\"url\":\"https:\\\/\\\/i1.wp.com\\\/www.clasedeexcel.com\\\/blog\\\/wp-content\\\/uploads\\\/2020\\\/09\\\/logotrans.png?fit=677%2C220&ssl=1\",\"contentUrl\":\"https:\\\/\\\/i1.wp.com\\\/www.clasedeexcel.com\\\/blog\\\/wp-content\\\/uploads\\\/2020\\\/09\\\/logotrans.png?fit=677%2C220&ssl=1\",\"width\":677,\"height\":220,\"caption\":\"Clase de excel\"},\"image\":{\"@id\":\"https:\\\/\\\/www.clasedeexcel.com\\\/blog\\\/#\\\/schema\\\/logo\\\/image\\\/\"}}]}<\/script>\n<!-- \/ Yoast SEO plugin. -->","yoast_head_json":{"title":"Consejos para llevar contabilidad en Excel","description":"Consejos para aprender a optimizar el tiempo con Excel. Usar esta herramienta para llevar una buena contabilidad en Excel en tu empresa.","robots":{"index":"index","follow":"follow","max-snippet":"max-snippet:-1","max-image-preview":"max-image-preview:large","max-video-preview":"max-video-preview:-1"},"canonical":"https:\/\/www.clasedeexcel.com\/blog\/consejos-para-llevar-contabilidad-en-excel\/","og_locale":"es_ES","og_type":"article","og_title":"Consejos para llevar contabilidad en Excel","og_description":"Consejos para aprender a optimizar el tiempo con Excel. Usar esta herramienta para llevar una buena contabilidad en Excel en tu empresa.","og_url":"https:\/\/www.clasedeexcel.com\/blog\/consejos-para-llevar-contabilidad-en-excel\/","og_site_name":"Aprende m\u00e1s de Excel","article_modified_time":"2023-11-20T20:56:46+00:00","og_image":[{"width":2400,"height":1254,"url":"https:\/\/www.clasedeexcel.com\/blog\/wp-content\/uploads\/2021\/11\/APRENDER-SIN-LIMITES-17.jpg","type":"image\/jpeg"}],"twitter_card":"summary_large_image","twitter_misc":{"Tiempo de lectura":"2 minutos"},"schema":{"@context":"https:\/\/schema.org","@graph":[{"@type":"WebPage","@id":"https:\/\/www.clasedeexcel.com\/blog\/consejos-para-llevar-contabilidad-en-excel\/","url":"https:\/\/www.clasedeexcel.com\/blog\/consejos-para-llevar-contabilidad-en-excel\/","name":"Consejos para llevar contabilidad en Excel","isPartOf":{"@id":"https:\/\/www.clasedeexcel.com\/blog\/#website"},"primaryImageOfPage":{"@id":"https:\/\/www.clasedeexcel.com\/blog\/consejos-para-llevar-contabilidad-en-excel\/#primaryimage"},"image":{"@id":"https:\/\/www.clasedeexcel.com\/blog\/consejos-para-llevar-contabilidad-en-excel\/#primaryimage"},"thumbnailUrl":"https:\/\/www.clasedeexcel.com\/blog\/wp-content\/uploads\/2021\/11\/APRENDER-SIN-LIMITES-17.jpg","datePublished":"2021-11-29T15:15:26+00:00","dateModified":"2023-11-20T20:56:46+00:00","description":"Consejos para aprender a optimizar el tiempo con Excel. Usar esta herramienta para llevar una buena contabilidad en Excel en tu empresa.","breadcrumb":{"@id":"https:\/\/www.clasedeexcel.com\/blog\/consejos-para-llevar-contabilidad-en-excel\/#breadcrumb"},"inLanguage":"es","potentialAction":[{"@type":"ReadAction","target":["https:\/\/www.clasedeexcel.com\/blog\/consejos-para-llevar-contabilidad-en-excel\/"]}]},{"@type":"ImageObject","inLanguage":"es","@id":"https:\/\/www.clasedeexcel.com\/blog\/consejos-para-llevar-contabilidad-en-excel\/#primaryimage","url":"https:\/\/www.clasedeexcel.com\/blog\/wp-content\/uploads\/2021\/11\/APRENDER-SIN-LIMITES-17.jpg","contentUrl":"https:\/\/www.clasedeexcel.com\/blog\/wp-content\/uploads\/2021\/11\/APRENDER-SIN-LIMITES-17.jpg","width":2400,"height":1254,"caption":"Consejos para llevar contabilidad en Excel"},{"@type":"BreadcrumbList","@id":"https:\/\/www.clasedeexcel.com\/blog\/consejos-para-llevar-contabilidad-en-excel\/#breadcrumb","itemListElement":[{"@type":"ListItem","position":1,"name":"Home","item":"https:\/\/www.clasedeexcel.com\/blog\/"},{"@type":"ListItem","position":2,"name":"Consejos para llevar contabilidad en Excel"}]},{"@type":"WebSite","@id":"https:\/\/www.clasedeexcel.com\/blog\/#website","url":"https:\/\/www.clasedeexcel.com\/blog\/","name":"Aprende m\u00e1s de Excel","description":"Blog - Clase de Excel","publisher":{"@id":"https:\/\/www.clasedeexcel.com\/blog\/#organization"},"potentialAction":[{"@type":"SearchAction","target":{"@type":"EntryPoint","urlTemplate":"https:\/\/www.clasedeexcel.com\/blog\/?s={search_term_string}"},"query-input":{"@type":"PropertyValueSpecification","valueRequired":true,"valueName":"search_term_string"}}],"inLanguage":"es"},{"@type":"Organization","@id":"https:\/\/www.clasedeexcel.com\/blog\/#organization","name":"Clase de excel","url":"https:\/\/www.clasedeexcel.com\/blog\/","logo":{"@type":"ImageObject","inLanguage":"es","@id":"https:\/\/www.clasedeexcel.com\/blog\/#\/schema\/logo\/image\/","url":"https:\/\/i1.wp.com\/www.clasedeexcel.com\/blog\/wp-content\/uploads\/2020\/09\/logotrans.png?fit=677%2C220&ssl=1","contentUrl":"https:\/\/i1.wp.com\/www.clasedeexcel.com\/blog\/wp-content\/uploads\/2020\/09\/logotrans.png?fit=677%2C220&ssl=1","width":677,"height":220,"caption":"Clase de excel"},"image":{"@id":"https:\/\/www.clasedeexcel.com\/blog\/#\/schema\/logo\/image\/"}}]}},"_links":{"self":[{"href":"https:\/\/www.clasedeexcel.com\/blog\/wp-json\/wp\/v2\/pages\/563","targetHints":{"allow":["GET"]}}],"collection":[{"href":"https:\/\/www.clasedeexcel.com\/blog\/wp-json\/wp\/v2\/pages"}],"about":[{"href":"https:\/\/www.clasedeexcel.com\/blog\/wp-json\/wp\/v2\/types\/page"}],"author":[{"embeddable":true,"href":"https:\/\/www.clasedeexcel.com\/blog\/wp-json\/wp\/v2\/users\/1"}],"replies":[{"embeddable":true,"href":"https:\/\/www.clasedeexcel.com\/blog\/wp-json\/wp\/v2\/comments?post=563"}],"version-history":[{"count":3,"href":"https:\/\/www.clasedeexcel.com\/blog\/wp-json\/wp\/v2\/pages\/563\/revisions"}],"predecessor-version":[{"id":1449,"href":"https:\/\/www.clasedeexcel.com\/blog\/wp-json\/wp\/v2\/pages\/563\/revisions\/1449"}],"wp:featuredmedia":[{"embeddable":true,"href":"https:\/\/www.clasedeexcel.com\/blog\/wp-json\/wp\/v2\/media\/564"}],"wp:attachment":[{"href":"https:\/\/www.clasedeexcel.com\/blog\/wp-json\/wp\/v2\/media?parent=563"}],"curies":[{"name":"wp","href":"https:\/\/api.w.org\/{rel}","templated":true}]}}